{"id":390,"date":"2014-04-24T18:05:28","date_gmt":"2014-04-24T16:05:28","guid":{"rendered":"http:\/\/sr-architekten.net\/?page_id=390"},"modified":"2020-12-04T17:43:28","modified_gmt":"2020-12-04T16:43:28","slug":"impressum-2","status":"publish","type":"page","link":"http:\/\/sr-architekten.net\/?page_id=390","title":{"rendered":"Impressum"},"content":{"rendered":"<p><strong>Stephan Rieckmann <\/strong><br \/>\n<strong><\/strong><\/p>\n<p>Auf dem Sande 1<\/p>\n<p>20457 Hamburg<\/p>\n<p>Telefon: 040-73440081<\/p>\n<p>Telefax: 040-73440080<\/p>\n<p>E-Mail: info@sr-architekten.net<\/p>\n<p>Berufsbezeichnung: Architekten<\/p>\n<p>Zust\u00e4ndige Kammer: Hamburg<\/p>\n<p>Verliehen durch: Deutschland<\/p>\n<p>Es gelten folgende berufsrechtliche Regelungen:<\/p>\n<p>Hamburgisches Architektengesetz,<\/p>\n<p>einzulesen unter www.ak-hh.de<\/p>\n<p>&nbsp;<\/p>\n<p>&nbsp;<\/p>\n<p>Stephan Rieckmann<\/p>\n<p>Dipl. -Ing. Architekt<\/p>\n<p>HAK AL-Nr.: 6847<\/p>\n<p>Steuernummer: 42\/654\/01738<\/p>\n<p>Berufshaftpflichtversicherung:<\/p>\n<p>VHV Allgemeine Versicherung AG<\/p>\n<p>VHV-Platz 1, 50598 K\u00f6ln<\/p>\n<p>&nbsp;<\/p>\n<p>Quellenangaben f\u00fcr die verwendeten Bilder und Grafiken:<\/p>\n<p>Fotolia, SR-Architekten, Benjamin Poppe<\/p>\n<p>&nbsp;<\/p>\n<p>Haftung f\u00fcr Inhalte:<\/p>\n<p>Die Inhalte unserer Seiten wurden mit gr\u00f6\u00dfter Sorfalt erstellt.<\/p>\n<p>F\u00fcr die Richtigkeit, Vollst\u00e4ndigkeit und Aktualit\u00e4t der Inhalte k\u00f6nnen wir jedoch keine Gew\u00e4hr \u00fcbernehmen.<\/p>\n","protected":false},"excerpt":{"rendered":"<p>Stephan Rieckmann Auf dem Sande 1 20457 Hamburg Telefon: 040-73440081 Telefax: 040-73440080 E-Mail: info@sr-architekten.net Berufsbezeichnung: Architekten Zust\u00e4ndige Kammer: Hamburg Verliehen durch: Deutschland Es gelten folgende berufsrechtliche Regelungen: Hamburgisches Architektengesetz, einzulesen unter www.ak-hh.de &nbsp; &nbsp; Stephan Rieckmann Dipl. -Ing. Architekt HAK AL-Nr.: 6847 Steuernummer: 42\/654\/01738 Berufshaftpflichtversicherung: VHV Allgemeine Versicherung AG VHV-Platz 1, 50598 K\u00f6ln &nbsp; Quellenangaben [&hellip;]<\/p>\n","protected":false},"author":1,"featured_media":0,"parent":0,"menu_order":5,"comment_status":"open","ping_status":"open","template":"","meta":{"footnotes":""},"_links":{"self":[{"href":"http:\/\/sr-architekten.net\/index.php?rest_route=\/wp\/v2\/pages\/390"}],"collection":[{"href":"http:\/\/sr-architekten.net\/index.php?rest_route=\/wp\/v2\/pages"}],"about":[{"href":"http:\/\/sr-architekten.net\/index.php?rest_route=\/wp\/v2\/types\/page"}],"author":[{"embeddable":true,"href":"http:\/\/sr-architekten.net\/index.php?rest_route=\/wp\/v2\/users\/1"}],"replies":[{"embeddable":true,"href":"http:\/\/sr-architekten.net\/index.php?rest_route=%2Fwp%2Fv2%2Fcomments&post=390"}],"version-history":[{"count":18,"href":"http:\/\/sr-architekten.net\/index.php?rest_route=\/wp\/v2\/pages\/390\/revisions"}],"predecessor-version":[{"id":528,"href":"http:\/\/sr-architekten.net\/index.php?rest_route=\/wp\/v2\/pages\/390\/revisions\/528"}],"wp:attachment":[{"href":"http:\/\/sr-architekten.net\/index.php?rest_route=%2Fwp%2Fv2%2Fmedia&parent=390"}],"curies":[{"name":"wp","href":"https:\/\/api.w.org\/{rel}","templated":true}]}}